{"id":2238,"date":"2024-08-12T09:44:37","date_gmt":"2024-08-12T06:44:37","guid":{"rendered":"https:\/\/republique.ro\/culinar-si-activitati\/"},"modified":"2024-10-22T23:17:35","modified_gmt":"2024-10-22T20:17:35","slug":"culinar-si-activitati","status":"publish","type":"page","link":"https:\/\/republique.ro\/ro\/culinar-si-activitati\/","title":{"rendered":"Culinar \u0219i activit\u0103\u021bi"},"content":{"rendered":"<p><div class=\"fusion-fullwidth fullwidth-box fusion-builder-row-1 fusion-flex-container has-pattern-background has-mask-background nonhundred-percent-fullwidth non-hundred-percent-height-scrolling\" style=\"--awb-background-position:left center;--awb-border-radius-top-left:0px;--awb-border-radius-top-right:0px;--awb-border-radius-bottom-right:0px;--awb-border-radius-bottom-left:0px;--awb-padding-top:75px;--awb-padding-bottom:50px;--awb-padding-top-medium:80px;--awb-padding-bottom-medium:80px;--awb-padding-top-small:50px;--awb-padding-bottom-small:50px;--awb-background-color:var(--awb-custom_color_2);--awb-flex-wrap:wrap;\" ><div class=\"fusion-builder-row fusion-row fusion-flex-align-items-stretch fusion-flex-justify-content-center fusion-flex-content-wrap\" style=\"max-width:calc( 1200px + 0px );margin-left: calc(-0px \/ 2 );margin-right: calc(-0px \/ 2 );\"><div class=\"fusion-layout-column fusion_builder_column fusion-builder-column-0 fusion_builder_column_1_1 1_1 fusion-flex-column fusion-animated\" style=\"--awb-bg-size:cover;--awb-width-large:100%;--awb-margin-top-large:0px;--awb-spacing-right-large:0px;--awb-margin-bottom-large:60px;--awb-spacing-left-large:0px;--awb-width-medium:100%;--awb-order-medium:0;--awb-spacing-right-medium:0px;--awb-margin-bottom-medium:50px;--awb-spacing-left-medium:0px;--awb-width-small:100%;--awb-order-small:0;--awb-spacing-right-small:0px;--awb-margin-bottom-small:40px;--awb-spacing-left-small:0px;\" data-animationType=\"fadeInDown\" data-animationDuration=\"0.8\" data-animationDelay=\"0.2\" data-animationOffset=\"top-into-view\" data-scroll-devices=\"small-visibility,medium-visibility,large-visibility\"><div class=\"fusion-column-wrapper fusion-column-has-shadow fusion-flex-justify-content-flex-start fusion-content-layout-column\"><div class=\"fusion-title title fusion-title-1 fusion-sep-none fusion-title-center fusion-title-text fusion-title-size-two\" style=\"--awb-text-color:var(--awb-color8);--awb-margin-top-small:10px;--awb-margin-right-small:0px;--awb-margin-bottom-small:20px;--awb-margin-left-small:0px;\"><h2 class=\"fusion-title-heading title-heading-center\" style=\"margin:0;\">Culinar \u0219i activit\u0103\u021bi<\/h2><\/div><div class=\"fusion-text fusion-text-1 fusion-text-no-margin\" style=\"--awb-content-alignment:center;--awb-margin-right:5%;--awb-margin-bottom:0px;--awb-margin-left:5%;\"><p>Sfaturi pentru restaurante \u0219i ce s\u0103 vizita\u021bi l\u00e2ng\u0103 Hotel Republique<\/p>\n<\/div><\/div><\/div><div class=\"fusion-layout-column fusion_builder_column fusion-builder-column-1 fusion_builder_column_1_2 1_2 fusion-flex-column fusion-animated\" style=\"--awb-bg-position:center center;--awb-bg-size:cover;--awb-width-large:50%;--awb-margin-top-large:0px;--awb-spacing-right-large:0px;--awb-margin-bottom-large:0px;--awb-spacing-left-large:0px;--awb-width-medium:50%;--awb-order-medium:0;--awb-spacing-right-medium:0px;--awb-spacing-left-medium:0px;--awb-width-small:100%;--awb-order-small:0;--awb-spacing-right-small:0px;--awb-spacing-left-small:0px;\" data-animationType=\"fadeInUp\" data-animationDuration=\"0.8\" data-animationOffset=\"top-into-view\" data-scroll-devices=\"small-visibility,medium-visibility,large-visibility\"><div class=\"fusion-column-wrapper lazyload fusion-column-has-shadow fusion-flex-justify-content-flex-start fusion-content-layout-column fusion-empty-column-bg-image fusion-column-has-bg-image\" data-bg-url=\"https:\/\/republique.ro\/wp-content\/uploads\/2024\/09\/breakfast-sibiu-hotel.jpg\" data-bg=\"https:\/\/republique.ro\/wp-content\/uploads\/2024\/09\/breakfast-sibiu-hotel.jpg\"><img decoding=\"async\" class=\"fusion-empty-dims-img-placeholder fusion-no-large-visibility fusion-no-medium-visibility\" aria-label=\"breakfast-sibiu-hotel\" src=\"data:image\/svg+xml,%3Csvg%20xmlns%3D%27http%3A%2F%2Fwww.w3.org%2F2000%2Fsvg%27%20width%3D%272500%27%20height%3D%271667%27%20viewBox%3D%270%200%202500%201667%27%3E%3Crect%20width%3D%272500%27%20height%3D%271667%27%20fill-opacity%3D%220%22%2F%3E%3C%2Fsvg%3E\"><\/div><\/div><div class=\"fusion-layout-column fusion_builder_column fusion-builder-column-2 fusion_builder_column_1_2 1_2 fusion-flex-column fusion-flex-align-self-center fusion-animated\" style=\"--awb-z-index:99999;--awb-padding-top:40px;--awb-padding-right:80px;--awb-padding-bottom:40px;--awb-padding-left:80px;--awb-padding-top-medium:60px;--awb-padding-right-medium:60px;--awb-padding-bottom-medium:60px;--awb-padding-left-medium:60px;--awb-padding-top-small:40px;--awb-padding-right-small:20px;--awb-padding-bottom-small:20px;--awb-padding-left-small:20px;--awb-bg-color:var(--awb-color1);--awb-bg-color-hover:var(--awb-color1);--awb-bg-size:cover;--awb-width-large:50%;--awb-margin-top-large:0px;--awb-spacing-right-large:0px;--awb-margin-bottom-large:0px;--awb-spacing-left-large:0px;--awb-width-medium:50%;--awb-order-medium:0;--awb-spacing-right-medium:0px;--awb-spacing-left-medium:0px;--awb-width-small:100%;--awb-order-small:0;--awb-spacing-right-small:0px;--awb-spacing-left-small:0px;\" data-animationType=\"fadeInUp\" data-animationDuration=\"0.8\" data-animationOffset=\"top-into-view\" data-scroll-devices=\"small-visibility,medium-visibility,large-visibility\"><div class=\"fusion-column-wrapper fusion-column-has-shadow fusion-flex-justify-content-flex-start fusion-content-layout-column\"><div class=\"fusion-title title fusion-title-2 fusion-sep-none fusion-title-text fusion-title-size-two\" style=\"--awb-text-color:var(--awb-color8);--awb-margin-top-small:10px;--awb-margin-right-small:0px;--awb-margin-bottom-small:20px;--awb-margin-left-small:0px;\"><h2 class=\"fusion-title-heading title-heading-left sm-text-align-center\" style=\"margin:0;\">Recomand\u0103ri de restaurante<\/h2><\/div><div class=\"fusion-text fusion-text-2 sm-text-align-center fusion-text-no-margin\" style=\"--awb-margin-top:20px;--awb-margin-bottom:40px;\"><p>Echipa noastr\u0103 de la Republique a preg\u0103tit c\u00e2teva recomand\u0103ri de restaurante pentru tine. Aici vei g\u0103si restaurantul potrivit pentru fiecare gust \u0219i preferin\u021b\u0103. \u00cen func\u021bie de dispozi\u021bie, po\u021bi opta pentru delicii culinare din buc\u0103t\u0103ria tradi\u021bional\u0103 rom\u00e2neasc\u0103, vegetariene sau preparate interna\u021bionale.<\/p>\n<p>Toate restaurantele recomandate de noi pot fi accesate pe jos \u00een aproximativ 10-15 minute de la Hotelul Republique!<\/p>\n<\/div><\/div><\/div><\/div><\/div><div class=\"fusion-fullwidth fullwidth-box fusion-builder-row-2 fusion-flex-container has-pattern-background has-mask-background nonhundred-percent-fullwidth non-hundred-percent-height-scrolling\" style=\"--awb-background-position:left center;--awb-border-radius-top-left:0px;--awb-border-radius-top-right:0px;--awb-border-radius-bottom-right:0px;--awb-border-radius-bottom-left:0px;--awb-padding-top:0px;--awb-padding-bottom:0px;--awb-padding-top-medium:40px;--awb-padding-bottom-medium:40px;--awb-padding-top-small:10px;--awb-padding-bottom-small:10px;--awb-background-color:var(--awb-custom_color_2);--awb-flex-wrap:wrap;\" ><div class=\"fusion-builder-row fusion-row fusion-flex-align-items-stretch fusion-flex-justify-content-center fusion-flex-content-wrap\" style=\"max-width:calc( 1200px + 0px );margin-left: calc(-0px \/ 2 );margin-right: calc(-0px \/ 2 );\"><div class=\"fusion-layout-column fusion_builder_column fusion-builder-column-3 fusion_builder_column_1_1 1_1 fusion-flex-column fusion-animated\" style=\"--awb-bg-size:cover;--awb-width-large:100%;--awb-margin-top-large:0px;--awb-spacing-right-large:0px;--awb-margin-bottom-large:60px;--awb-spacing-left-large:0px;--awb-width-medium:100%;--awb-order-medium:0;--awb-spacing-right-medium:0px;--awb-margin-bottom-medium:50px;--awb-spacing-left-medium:0px;--awb-width-small:100%;--awb-order-small:0;--awb-spacing-right-small:0px;--awb-margin-bottom-small:40px;--awb-spacing-left-small:0px;\" data-animationType=\"fadeInDown\" data-animationDuration=\"0.8\" data-animationDelay=\"0.2\" data-animationOffset=\"top-into-view\" data-scroll-devices=\"small-visibility,medium-visibility,large-visibility\"><div class=\"fusion-column-wrapper fusion-column-has-shadow fusion-flex-justify-content-flex-start fusion-content-layout-column\"><div class=\"fusion-text fusion-text-3 sm-text-align-center fusion-text-no-margin\" style=\"--awb-content-alignment:left;--awb-margin-right:5%;--awb-margin-bottom:0px;--awb-margin-left:5%;\"><p><strong>ATRIUM<\/strong> \u2013 ideal pentru relaxare \u0219i r\u0103sf\u0103\u021b, cu o vedere exclusiv\u0103 c\u0103tre Podul Minciunilor. Dac\u0103 e\u0219ti \u00een c\u0103utarea unui cadru deosebit pentru evenimentul t\u0103u privat sau de afaceri, po\u021bi rezerva ATRIUM \u00een mod exclusiv!<\/p>\n<p><strong>KULINARIUM<\/strong> se afl\u0103 la Pia\u021ba Mic\u0103 12! Kulinarium te r\u0103sfa\u021b\u0103 cu preparate rom\u00e2ne\u0219ti reinterpretate, fripturi, preparate la tigaie \u0219i preparate vegetariene, proasp\u0103t preg\u0103tite \u0219i \u00eentotdeauna o adev\u0103rat\u0103 pl\u0103cere!<\/p>\n<p><strong>CAFE WIEN<\/strong> \u2013 \u00een spatele Catedralei Evanghelice vei g\u0103si un bistro vienez, sau Beisl \u2013 un restaurant vienez tipic. A\u0219ezat, confortabil \u0219i tradi\u021bional, caracterizeaz\u0103 o scen\u0103 culinar\u0103 \u00een plin\u0103 expansiune \u0219i ofer\u0103 buc\u0103t\u0103rie autentic\u0103 vienez\u0103.<\/p>\n<p>Termenul **Beisl** provine probabil din idi\u0219 \u2013 de la \u201ebajiss\u201d (cas\u0103). Beisl-ul vienez clasic are un bar generos, unde vinul este r\u0103cit \u0219i berea este servit\u0103, lambriuri din lemn \u00eenchise la culoare, mese simple \u0219i scaune, \u0219i o clientel\u0103 variat\u0103. Buc\u0103t\u0103ria este tradi\u021bional\u0103: sup\u0103 de cl\u0103tite \u0219i g\u0103lu\u0219te de gri\u0219, \u0219ni\u021bel, gula\u0219 \u0219i deserturi delicioase precum Kaiserschmarrn domin\u0103 meniul.<\/p>\n<p>De asemenea, po\u021bi savura diverse specialit\u0103\u021bi de cafea de la Julius Meinl pe una dintre cele mai frumoase terase panoramice din ora\u0219ul de sus.<\/p>\n<\/div><\/div><\/div><\/div><\/div><div class=\"fusion-fullwidth fullwidth-box fusion-builder-row-3 fusion-flex-container has-pattern-background has-mask-background nonhundred-percent-fullwidth non-hundred-percent-height-scrolling\" style=\"--awb-background-position:left center;--awb-border-radius-top-left:0px;--awb-border-radius-top-right:0px;--awb-border-radius-bottom-right:0px;--awb-border-radius-bottom-left:0px;--awb-padding-top:10px;--awb-padding-bottom:100px;--awb-padding-top-medium:40px;--awb-padding-bottom-medium:80px;--awb-padding-top-small:20px;--awb-padding-bottom-small:50px;--awb-background-color:var(--awb-custom_color_2);--awb-flex-wrap:wrap;\" ><div class=\"fusion-builder-row fusion-row fusion-flex-align-items-stretch fusion-flex-justify-content-center fusion-flex-content-wrap\" style=\"max-width:calc( 1200px + 0px );margin-left: calc(-0px \/ 2 );margin-right: calc(-0px \/ 2 );\"><div class=\"fusion-layout-column fusion_builder_column fusion-builder-column-4 fusion_builder_column_1_2 1_2 fusion-flex-column fusion-animated\" style=\"--awb-bg-position:center center;--awb-bg-size:cover;--awb-width-large:50%;--awb-margin-top-large:0px;--awb-spacing-right-large:0px;--awb-margin-bottom-large:0px;--awb-spacing-left-large:0px;--awb-width-medium:50%;--awb-order-medium:0;--awb-spacing-right-medium:0px;--awb-spacing-left-medium:0px;--awb-width-small:100%;--awb-order-small:0;--awb-spacing-right-small:0px;--awb-spacing-left-small:0px;\" data-animationType=\"fadeInUp\" data-animationDuration=\"0.8\" data-animationOffset=\"top-into-view\" data-scroll-devices=\"small-visibility,medium-visibility,large-visibility\"><div class=\"fusion-column-wrapper lazyload fusion-column-has-shadow fusion-flex-justify-content-flex-start fusion-content-layout-column fusion-empty-column-bg-image fusion-column-has-bg-image\" data-bg-url=\"https:\/\/republique.ro\/wp-content\/uploads\/2024\/10\/superior-room-piata-mica-sibiu-5.jpg\" data-bg=\"https:\/\/republique.ro\/wp-content\/uploads\/2024\/10\/superior-room-piata-mica-sibiu-5.jpg\"><img decoding=\"async\" class=\"fusion-empty-dims-img-placeholder fusion-no-large-visibility fusion-no-medium-visibility\" aria-label=\"superior-room-piata-mica-sibiu-5\" src=\"data:image\/svg+xml,%3Csvg%20xmlns%3D%27http%3A%2F%2Fwww.w3.org%2F2000%2Fsvg%27%20width%3D%271900%27%20height%3D%271267%27%20viewBox%3D%270%200%201900%201267%27%3E%3Crect%20width%3D%271900%27%20height%3D%271267%27%20fill-opacity%3D%220%22%2F%3E%3C%2Fsvg%3E\"><\/div><\/div><div class=\"fusion-layout-column fusion_builder_column fusion-builder-column-5 fusion_builder_column_1_2 1_2 fusion-flex-column fusion-flex-align-self-center fusion-animated\" style=\"--awb-z-index:99999;--awb-padding-top:40px;--awb-padding-right:80px;--awb-padding-bottom:30px;--awb-padding-left:80px;--awb-padding-top-medium:60px;--awb-padding-right-medium:60px;--awb-padding-bottom-medium:60px;--awb-padding-left-medium:60px;--awb-padding-top-small:40px;--awb-padding-right-small:20px;--awb-padding-bottom-small:20px;--awb-padding-left-small:20px;--awb-bg-color:var(--awb-color1);--awb-bg-color-hover:var(--awb-color1);--awb-bg-size:cover;--awb-width-large:50%;--awb-margin-top-large:0px;--awb-spacing-right-large:0px;--awb-margin-bottom-large:0px;--awb-spacing-left-large:0px;--awb-width-medium:50%;--awb-order-medium:0;--awb-spacing-right-medium:0px;--awb-spacing-left-medium:0px;--awb-width-small:100%;--awb-order-small:0;--awb-spacing-right-small:0px;--awb-spacing-left-small:0px;\" data-animationType=\"fadeInUp\" data-animationDuration=\"0.8\" data-animationOffset=\"top-into-view\" data-scroll-devices=\"small-visibility,medium-visibility,large-visibility\"><div class=\"fusion-column-wrapper fusion-column-has-shadow fusion-flex-justify-content-flex-start fusion-content-layout-column\"><div class=\"fusion-title title fusion-title-3 fusion-sep-none fusion-title-text fusion-title-size-two\" style=\"--awb-text-color:var(--awb-color8);--awb-margin-top-small:10px;--awb-margin-right-small:0px;--awb-margin-bottom-small:20px;--awb-margin-left-small:0px;\"><h2 class=\"fusion-title-heading title-heading-left sm-text-align-center\" style=\"margin:0;\">Activit\u0103\u021bi<\/h2><\/div><div class=\"fusion-text fusion-text-4 sm-text-align-center fusion-text-no-margin\" style=\"--awb-margin-top:20px;--awb-margin-bottom:30px;\"><p>Marea istorie a acestui ora\u0219 este omniprezent\u0103. Oriunde prive\u0219ti \u00een Sibiu, cultura este la fiecare pas. Majoritatea pot fi descoperite \u00een cadrul turului zilnic al ora\u0219ului, de la ora 10, cu plecare din fa\u021ba centrului de informare de la prim\u0103rie (1 aprilie \u2013 31 octombrie, \u00een extra-sezon, la cerere).<\/p>\n<p>1. Muzeul Brukenthal<br \/>\n2. Catedrala Evanghelic\u0103<br \/>\n3. Muzeul Astra<br \/>\n4. Turnul Sfatului<br \/>\n5. Podul Minciunilor<br \/>\n6. Teatru \u0219i Filarmonic\u0103<br \/>\n7. Catedrala Ortodox\u0103 Sinagoga<br \/>\n8. Mall Cinema<br \/>\n9. Zidurile ora\u0219ului \u0219i turnurile de ap\u0103rare<\/p>\n<\/div><\/div><\/div><\/div><\/div><\/p>\n","protected":false},"excerpt":{"rendered":"","protected":false},"author":1,"featured_media":0,"parent":0,"menu_order":0,"comment_status":"closed","ping_status":"closed","template":"100-width.php","meta":{"footnotes":""},"class_list":["post-2238","page","type-page","status-publish","hentry"],"yoast_head":"<!-- This site is optimized with the Yoast SEO plugin v27.3 - https:\/\/yoast.com\/product\/yoast-seo-wordpress\/ -->\n<title>Culinar \u0219i activit\u0103\u021bi - Hotel Republique<\/title>\n<meta name=\"description\" content=\"Lucruri de f\u0103cut \u00een Sibiu, sfaturi despre restaurante \u0219i ce s\u0103 vizitezi l\u00e2ng\u0103 Hotel Republique. La toate acestea se poate ajunge \u00een aproximativ 5-10 minute de mers pe jos.\" \/>\n<meta name=\"robots\" content=\"index, follow, max-snippet:-1, max-image-preview:large, max-video-preview:-1\" \/>\n<link rel=\"canonical\" href=\"https:\/\/republique.ro\/ro\/culinar-si-activitati\/\" \/>\n<meta property=\"og:locale\" content=\"ro_RO\" \/>\n<meta property=\"og:type\" content=\"article\" \/>\n<meta property=\"og:title\" content=\"Culinar \u0219i activit\u0103\u021bi - Hotel Republique\" \/>\n<meta property=\"og:description\" content=\"Hotel Republique este situat \u00een centrul ora\u0219ului, \u00een imediata apropiere a zonei istorice, oferind parcare privat\u0103 \u0219i o gr\u0103din\u0103 mare.\" \/>\n<meta property=\"og:url\" content=\"https:\/\/republique.ro\/ro\/culinar-si-activitati\/\" \/>\n<meta property=\"og:site_name\" content=\"Hotel Republique\" \/>\n<meta property=\"article:publisher\" content=\"https:\/\/facebook.com\/republiquehotel\/\" \/>\n<meta property=\"article:modified_time\" content=\"2024-10-22T20:17:35+00:00\" \/>\n<meta property=\"og:image\" content=\"https:\/\/republique.ro\/wp-content\/uploads\/2024\/09\/breakfast-sibiu-10-1024x682.jpg\" \/>\n<meta name=\"twitter:card\" content=\"summary_large_image\" \/>\n<meta name=\"twitter:title\" content=\"Culinar \u0219i activit\u0103\u021bi - Hotel Republique\" \/>\n<meta name=\"twitter:description\" content=\"Hotel Republique este situat \u00een centrul ora\u0219ului, \u00een imediata apropiere a zonei istorice, oferind parcare privat\u0103 \u0219i o gr\u0103din\u0103 mare.\" \/>\n<meta name=\"twitter:image\" content=\"https:\/\/republique.ro\/wp-content\/uploads\/2024\/09\/breakfast-sibiu-10-1024x682.jpg\" \/>\n<meta name=\"twitter:label1\" content=\"Timp estimat pentru citire\" \/>\n\t<meta name=\"twitter:data1\" content=\"2 minute\" \/>\n<script type=\"application\/ld+json\" class=\"yoast-schema-graph\">{\"@context\":\"https:\\\/\\\/schema.org\",\"@graph\":[{\"@type\":\"WebPage\",\"@id\":\"https:\\\/\\\/republique.ro\\\/ro\\\/culinar-si-activitati\\\/\",\"url\":\"https:\\\/\\\/republique.ro\\\/ro\\\/culinar-si-activitati\\\/\",\"name\":\"Culinar \u0219i activit\u0103\u021bi - Hotel Republique\",\"isPartOf\":{\"@id\":\"https:\\\/\\\/republique.ro\\\/ro\\\/#website\"},\"datePublished\":\"2024-08-12T06:44:37+00:00\",\"dateModified\":\"2024-10-22T20:17:35+00:00\",\"description\":\"Lucruri de f\u0103cut \u00een Sibiu, sfaturi despre restaurante \u0219i ce s\u0103 vizitezi l\u00e2ng\u0103 Hotel Republique. La toate acestea se poate ajunge \u00een aproximativ 5-10 minute de mers pe jos.\",\"breadcrumb\":{\"@id\":\"https:\\\/\\\/republique.ro\\\/ro\\\/culinar-si-activitati\\\/#breadcrumb\"},\"inLanguage\":\"ro-RO\",\"potentialAction\":[{\"@type\":\"ReadAction\",\"target\":[\"https:\\\/\\\/republique.ro\\\/ro\\\/culinar-si-activitati\\\/\"]}]},{\"@type\":\"BreadcrumbList\",\"@id\":\"https:\\\/\\\/republique.ro\\\/ro\\\/culinar-si-activitati\\\/#breadcrumb\",\"itemListElement\":[{\"@type\":\"ListItem\",\"position\":1,\"name\":\"Prima pagin\u0103\",\"item\":\"https:\\\/\\\/republique.ro\\\/ro\\\/\"},{\"@type\":\"ListItem\",\"position\":2,\"name\":\"Culinar \u0219i activit\u0103\u021bi\"}]},{\"@type\":\"WebSite\",\"@id\":\"https:\\\/\\\/republique.ro\\\/ro\\\/#website\",\"url\":\"https:\\\/\\\/republique.ro\\\/ro\\\/\",\"name\":\"Hotel Republique\",\"description\":\"Accommodation Sibiu\",\"publisher\":{\"@id\":\"https:\\\/\\\/republique.ro\\\/ro\\\/#organization\"},\"potentialAction\":[{\"@type\":\"SearchAction\",\"target\":{\"@type\":\"EntryPoint\",\"urlTemplate\":\"https:\\\/\\\/republique.ro\\\/ro\\\/?s={search_term_string}\"},\"query-input\":{\"@type\":\"PropertyValueSpecification\",\"valueRequired\":true,\"valueName\":\"search_term_string\"}}],\"inLanguage\":\"ro-RO\"},{\"@type\":\"Organization\",\"@id\":\"https:\\\/\\\/republique.ro\\\/ro\\\/#organization\",\"name\":\"Hotel Republique\",\"url\":\"https:\\\/\\\/republique.ro\\\/ro\\\/\",\"logo\":{\"@type\":\"ImageObject\",\"inLanguage\":\"ro-RO\",\"@id\":\"https:\\\/\\\/republique.ro\\\/ro\\\/#\\\/schema\\\/logo\\\/image\\\/\",\"url\":\"https:\\\/\\\/republique.ro\\\/wp-content\\\/uploads\\\/2022\\\/12\\\/logo@2x.png\",\"contentUrl\":\"https:\\\/\\\/republique.ro\\\/wp-content\\\/uploads\\\/2022\\\/12\\\/logo@2x.png\",\"width\":360,\"height\":232,\"caption\":\"Hotel Republique\"},\"image\":{\"@id\":\"https:\\\/\\\/republique.ro\\\/ro\\\/#\\\/schema\\\/logo\\\/image\\\/\"},\"sameAs\":[\"https:\\\/\\\/facebook.com\\\/republiquehotel\\\/\",\"https:\\\/\\\/www.instagram.com\\\/republiquesibiu\"]}]}<\/script>\n<!-- \/ Yoast SEO plugin. -->","yoast_head_json":{"title":"Culinar \u0219i activit\u0103\u021bi - Hotel Republique","description":"Lucruri de f\u0103cut \u00een Sibiu, sfaturi despre restaurante \u0219i ce s\u0103 vizitezi l\u00e2ng\u0103 Hotel Republique. La toate acestea se poate ajunge \u00een aproximativ 5-10 minute de mers pe jos.","robots":{"index":"index","follow":"follow","max-snippet":"max-snippet:-1","max-image-preview":"max-image-preview:large","max-video-preview":"max-video-preview:-1"},"canonical":"https:\/\/republique.ro\/ro\/culinar-si-activitati\/","og_locale":"ro_RO","og_type":"article","og_title":"Culinar \u0219i activit\u0103\u021bi - Hotel Republique","og_description":"Hotel Republique este situat \u00een centrul ora\u0219ului, \u00een imediata apropiere a zonei istorice, oferind parcare privat\u0103 \u0219i o gr\u0103din\u0103 mare.","og_url":"https:\/\/republique.ro\/ro\/culinar-si-activitati\/","og_site_name":"Hotel Republique","article_publisher":"https:\/\/facebook.com\/republiquehotel\/","article_modified_time":"2024-10-22T20:17:35+00:00","og_image":[{"url":"https:\/\/republique.ro\/wp-content\/uploads\/2024\/09\/breakfast-sibiu-10-1024x682.jpg","type":"","width":"","height":""}],"twitter_card":"summary_large_image","twitter_title":"Culinar \u0219i activit\u0103\u021bi - Hotel Republique","twitter_description":"Hotel Republique este situat \u00een centrul ora\u0219ului, \u00een imediata apropiere a zonei istorice, oferind parcare privat\u0103 \u0219i o gr\u0103din\u0103 mare.","twitter_image":"https:\/\/republique.ro\/wp-content\/uploads\/2024\/09\/breakfast-sibiu-10-1024x682.jpg","twitter_misc":{"Timp estimat pentru citire":"2 minute"},"schema":{"@context":"https:\/\/schema.org","@graph":[{"@type":"WebPage","@id":"https:\/\/republique.ro\/ro\/culinar-si-activitati\/","url":"https:\/\/republique.ro\/ro\/culinar-si-activitati\/","name":"Culinar \u0219i activit\u0103\u021bi - Hotel Republique","isPartOf":{"@id":"https:\/\/republique.ro\/ro\/#website"},"datePublished":"2024-08-12T06:44:37+00:00","dateModified":"2024-10-22T20:17:35+00:00","description":"Lucruri de f\u0103cut \u00een Sibiu, sfaturi despre restaurante \u0219i ce s\u0103 vizitezi l\u00e2ng\u0103 Hotel Republique. La toate acestea se poate ajunge \u00een aproximativ 5-10 minute de mers pe jos.","breadcrumb":{"@id":"https:\/\/republique.ro\/ro\/culinar-si-activitati\/#breadcrumb"},"inLanguage":"ro-RO","potentialAction":[{"@type":"ReadAction","target":["https:\/\/republique.ro\/ro\/culinar-si-activitati\/"]}]},{"@type":"BreadcrumbList","@id":"https:\/\/republique.ro\/ro\/culinar-si-activitati\/#breadcrumb","itemListElement":[{"@type":"ListItem","position":1,"name":"Prima pagin\u0103","item":"https:\/\/republique.ro\/ro\/"},{"@type":"ListItem","position":2,"name":"Culinar \u0219i activit\u0103\u021bi"}]},{"@type":"WebSite","@id":"https:\/\/republique.ro\/ro\/#website","url":"https:\/\/republique.ro\/ro\/","name":"Hotel Republique","description":"Accommodation Sibiu","publisher":{"@id":"https:\/\/republique.ro\/ro\/#organization"},"potentialAction":[{"@type":"SearchAction","target":{"@type":"EntryPoint","urlTemplate":"https:\/\/republique.ro\/ro\/?s={search_term_string}"},"query-input":{"@type":"PropertyValueSpecification","valueRequired":true,"valueName":"search_term_string"}}],"inLanguage":"ro-RO"},{"@type":"Organization","@id":"https:\/\/republique.ro\/ro\/#organization","name":"Hotel Republique","url":"https:\/\/republique.ro\/ro\/","logo":{"@type":"ImageObject","inLanguage":"ro-RO","@id":"https:\/\/republique.ro\/ro\/#\/schema\/logo\/image\/","url":"https:\/\/republique.ro\/wp-content\/uploads\/2022\/12\/logo@2x.png","contentUrl":"https:\/\/republique.ro\/wp-content\/uploads\/2022\/12\/logo@2x.png","width":360,"height":232,"caption":"Hotel Republique"},"image":{"@id":"https:\/\/republique.ro\/ro\/#\/schema\/logo\/image\/"},"sameAs":["https:\/\/facebook.com\/republiquehotel\/","https:\/\/www.instagram.com\/republiquesibiu"]}]}},"_links":{"self":[{"href":"https:\/\/republique.ro\/ro\/wp-json\/wp\/v2\/pages\/2238","targetHints":{"allow":["GET"]}}],"collection":[{"href":"https:\/\/republique.ro\/ro\/wp-json\/wp\/v2\/pages"}],"about":[{"href":"https:\/\/republique.ro\/ro\/wp-json\/wp\/v2\/types\/page"}],"author":[{"embeddable":true,"href":"https:\/\/republique.ro\/ro\/wp-json\/wp\/v2\/users\/1"}],"replies":[{"embeddable":true,"href":"https:\/\/republique.ro\/ro\/wp-json\/wp\/v2\/comments?post=2238"}],"version-history":[{"count":3,"href":"https:\/\/republique.ro\/ro\/wp-json\/wp\/v2\/pages\/2238\/revisions"}],"predecessor-version":[{"id":2425,"href":"https:\/\/republique.ro\/ro\/wp-json\/wp\/v2\/pages\/2238\/revisions\/2425"}],"wp:attachment":[{"href":"https:\/\/republique.ro\/ro\/wp-json\/wp\/v2\/media?parent=2238"}],"curies":[{"name":"wp","href":"https:\/\/api.w.org\/{rel}","templated":true}]}}