{"id":2228,"date":"2024-08-11T21:58:53","date_gmt":"2024-08-11T18:58:53","guid":{"rendered":"https:\/\/republique.ro\/vouchere\/"},"modified":"2024-10-06T21:53:53","modified_gmt":"2024-10-06T18:53:53","slug":"vouchere","status":"publish","type":"page","link":"https:\/\/republique.ro\/ro\/vouchere\/","title":{"rendered":"Vouchere"},"content":{"rendered":"<div class=\"fusion-fullwidth fullwidth-box fusion-builder-row-1 fusion-flex-container has-pattern-background has-mask-background nonhundred-percent-fullwidth non-hundred-percent-height-scrolling\" style=\"--awb-background-position:left center;--awb-border-radius-top-left:0px;--awb-border-radius-top-right:0px;--awb-border-radius-bottom-right:0px;--awb-border-radius-bottom-left:0px;--awb-padding-top:75px;--awb-padding-bottom:100px;--awb-padding-top-medium:80px;--awb-padding-bottom-medium:80px;--awb-padding-top-small:50px;--awb-padding-bottom-small:50px;--awb-background-color:var(--awb-custom_color_2);--awb-flex-wrap:wrap;\" ><div class=\"fusion-builder-row fusion-row fusion-flex-align-items-stretch fusion-flex-justify-content-center fusion-flex-content-wrap\" style=\"max-width:calc( 1200px + 0px );margin-left: calc(-0px \/ 2 );margin-right: calc(-0px \/ 2 );\"><div class=\"fusion-layout-column fusion_builder_column fusion-builder-column-0 fusion_builder_column_1_1 1_1 fusion-flex-column fusion-animated\" style=\"--awb-bg-size:cover;--awb-width-large:100%;--awb-margin-top-large:0px;--awb-spacing-right-large:0px;--awb-margin-bottom-large:60px;--awb-spacing-left-large:0px;--awb-width-medium:100%;--awb-order-medium:0;--awb-spacing-right-medium:0px;--awb-margin-bottom-medium:50px;--awb-spacing-left-medium:0px;--awb-width-small:100%;--awb-order-small:0;--awb-spacing-right-small:0px;--awb-margin-bottom-small:40px;--awb-spacing-left-small:0px;\" data-animationType=\"fadeInDown\" data-animationDuration=\"0.8\" data-animationDelay=\"0.2\" data-animationOffset=\"top-into-view\" data-scroll-devices=\"small-visibility,medium-visibility,large-visibility\"><div class=\"fusion-column-wrapper fusion-column-has-shadow fusion-flex-justify-content-flex-start fusion-content-layout-column\"><div class=\"fusion-title title fusion-title-1 fusion-sep-none fusion-title-center fusion-title-text fusion-title-size-two\" style=\"--awb-text-color:var(--awb-color8);--awb-margin-top-small:10px;--awb-margin-right-small:0px;--awb-margin-bottom-small:20px;--awb-margin-left-small:0px;\"><h2 class=\"fusion-title-heading title-heading-center\" style=\"margin:0;\">Vouchere<\/h2><\/div><div class=\"fusion-text fusion-text-1 fusion-text-no-margin\" style=\"--awb-content-alignment:center;--awb-margin-right:5%;--awb-margin-bottom:0px;--awb-margin-left:5%;\"><p>Ofer\u0103 celor dragi o experien\u021b\u0103 minunat\u0103<\/p>\n<\/div><\/div><\/div><div class=\"fusion-layout-column fusion_builder_column fusion-builder-column-1 fusion_builder_column_1_2 1_2 fusion-flex-column fusion-animated\" style=\"--awb-bg-position:center center;--awb-bg-size:cover;--awb-width-large:50%;--awb-margin-top-large:0px;--awb-spacing-right-large:0px;--awb-margin-bottom-large:0px;--awb-spacing-left-large:0px;--awb-width-medium:50%;--awb-order-medium:0;--awb-spacing-right-medium:0px;--awb-spacing-left-medium:0px;--awb-width-small:100%;--awb-order-small:0;--awb-spacing-right-small:0px;--awb-spacing-left-small:0px;\" data-animationType=\"fadeInUp\" data-animationDuration=\"0.8\" data-animationOffset=\"top-into-view\" data-scroll-devices=\"small-visibility,medium-visibility,large-visibility\"><div class=\"fusion-column-wrapper lazyload fusion-column-has-shadow fusion-flex-justify-content-flex-start fusion-content-layout-column fusion-empty-column-bg-image fusion-column-has-bg-image\" data-bg-url=\"https:\/\/republique.ro\/wp-content\/uploads\/2024\/09\/hotel-voucher-sibiu.jpg\" data-bg=\"https:\/\/republique.ro\/wp-content\/uploads\/2024\/09\/hotel-voucher-sibiu.jpg\"><img decoding=\"async\" class=\"fusion-empty-dims-img-placeholder fusion-no-large-visibility fusion-no-medium-visibility\" aria-label=\"hotel-voucher-sibiu\" src=\"data:image\/svg+xml,%3Csvg%20xmlns%3D%27http%3A%2F%2Fwww.w3.org%2F2000%2Fsvg%27%20width%3D%271319%27%20height%3D%271658%27%20viewBox%3D%270%200%201319%201658%27%3E%3Crect%20width%3D%271319%27%20height%3D%271658%27%20fill-opacity%3D%220%22%2F%3E%3C%2Fsvg%3E\"><\/div><\/div><div class=\"fusion-layout-column fusion_builder_column fusion-builder-column-2 fusion_builder_column_1_2 1_2 fusion-flex-column fusion-flex-align-self-center fusion-animated\" style=\"--awb-z-index:99999;--awb-padding-top:70px;--awb-padding-right:80px;--awb-padding-bottom:70px;--awb-padding-left:80px;--awb-padding-top-medium:60px;--awb-padding-right-medium:60px;--awb-padding-bottom-medium:60px;--awb-padding-left-medium:60px;--awb-padding-top-small:40px;--awb-padding-right-small:20px;--awb-padding-bottom-small:20px;--awb-padding-left-small:20px;--awb-bg-color:var(--awb-color1);--awb-bg-color-hover:var(--awb-color1);--awb-bg-size:cover;--awb-width-large:50%;--awb-margin-top-large:0px;--awb-spacing-right-large:0px;--awb-margin-bottom-large:0px;--awb-spacing-left-large:0px;--awb-width-medium:50%;--awb-order-medium:0;--awb-spacing-right-medium:0px;--awb-spacing-left-medium:0px;--awb-width-small:100%;--awb-order-small:0;--awb-spacing-right-small:0px;--awb-spacing-left-small:0px;\" data-animationType=\"fadeInUp\" data-animationDuration=\"0.8\" data-animationOffset=\"top-into-view\" data-scroll-devices=\"small-visibility,medium-visibility,large-visibility\"><div class=\"fusion-column-wrapper fusion-column-has-shadow fusion-flex-justify-content-flex-start fusion-content-layout-column\"><div class=\"fusion-text fusion-text-2 sm-text-align-center fusion-text-no-margin\" style=\"--awb-margin-bottom:40px;\"><p>Ofer\u0103 ceva special: elegan\u021ba nou\u0103 din Sibiu al\u0103turi de Republique ca o compozi\u021bie complet\u0103! Cu acest card cadou, faci \u00eentotdeauna alegerea corect\u0103 \u0219i oferi libertate maxim\u0103 de alegere.  <strong>Alege suma dorit\u0103, ambalajul \u0219i dac\u0103 cardul trebuie ridicat sau trimis.<\/strong><\/p>\n<\/div><div class=\"fusion-form fusion-form-builder fusion-form-form-wrapper fusion-form-2407\" style=\"--awb-tooltip-text-color:#ffffff;--awb-tooltip-background-color:var(--awb-custom_color_3);--awb-form-input-height:55px;--awb-form-bg-color:hsla(var(--awb-color1-h),var(--awb-color1-s),var(--awb-color1-l),calc(var(--awb-color1-a) - 100%));--awb-form-select-bg:var(--awb-color1);--awb-form-placeholder-color:var(--awb-custom_color_1);--awb-form-text-color:var(--awb-custom_color_1);--awb-form-label-color:var(--awb-custom_color_1);--awb-form-border-color:#000000;--awb-form-focus-border-color:var(--awb-custom_color_3);--awb-form-focus-border-hover-color:hsla(var(--awb-custom_color_3-h),var(--awb-custom_color_3-s),var(--awb-custom_color_3-l),calc(var(--awb-custom_color_3-a) - 50%));\" data-form-id=\"2407\" data-config=\"{&quot;form_id&quot;:2407,&quot;form_post_id&quot;:2407,&quot;post_id&quot;:2228,&quot;form_type&quot;:&quot;ajax&quot;,&quot;confirmation_type&quot;:&quot;message&quot;,&quot;redirect_url&quot;:&quot;&quot;,&quot;redirect_timeout&quot;:&quot;0&quot;,&quot;field_labels&quot;:{&quot;name&quot;:&quot;&quot;,&quot;email&quot;:&quot;&quot;,&quot;phone&quot;:&quot;&quot;,&quot;amountselect&quot;:&quot;&quot;,&quot;consent&quot;:&quot;&quot;},&quot;field_logics&quot;:{&quot;name&quot;:&quot;&quot;,&quot;email&quot;:&quot;&quot;,&quot;phone&quot;:&quot;&quot;,&quot;amountselect&quot;:&quot;&quot;,&quot;consent&quot;:&quot;&quot;,&quot;submit_1&quot;:&quot;&quot;,&quot;notice_1&quot;:&quot;&quot;},&quot;field_types&quot;:{&quot;name&quot;:&quot;text&quot;,&quot;email&quot;:&quot;email&quot;,&quot;phone&quot;:&quot;phone_number&quot;,&quot;amountselect&quot;:&quot;select&quot;,&quot;consent&quot;:&quot;consent&quot;,&quot;submit_1&quot;:&quot;submit&quot;,&quot;notice_1&quot;:&quot;notice&quot;},&quot;nonce_method&quot;:&quot;ajax&quot;,&quot;form_views&quot;:&quot;ajax&quot;,&quot;form_views_counting&quot;:&quot;all&quot;}\"><form action=\"https:\/\/republique.ro\/ro\/vouchere\/\" method=\"post\" class=\"fusion-form fusion-form-2407\"><div class=\"fusion-fullwidth fullwidth-box fusion-builder-row-1-1 fusion-flex-container has-pattern-background has-mask-background nonhundred-percent-fullwidth non-hundred-percent-height-scrolling\" style=\"--awb-border-radius-top-left:0px;--awb-border-radius-top-right:0px;--awb-border-radius-bottom-right:0px;--awb-border-radius-bottom-left:0px;--awb-padding-top:0px;--awb-padding-right:0px;--awb-padding-bottom:0px;--awb-padding-left:0px;--awb-flex-wrap:wrap;\" ><div class=\"fusion-builder-row fusion-row fusion-flex-align-items-flex-start fusion-flex-content-wrap\" style=\"width:calc( 100% + 17px ) !important;max-width:calc( 100% + 17px ) !important;margin-left: calc(-17px \/ 2 );margin-right: calc(-17px \/ 2 );\"><div class=\"fusion-layout-column fusion_builder_column fusion-builder-column-3 fusion_builder_column_1_1 1_1 fusion-flex-column\" style=\"--awb-bg-size:cover;--awb-width-large:100%;--awb-flex-grow:0;--awb-flex-shrink:0;--awb-margin-top-large:0px;--awb-spacing-right-large:8.5px;--awb-margin-bottom-large:0px;--awb-spacing-left-large:8.5px;--awb-width-medium:100%;--awb-order-medium:0;--awb-flex-grow-medium:0;--awb-flex-shrink-medium:0;--awb-spacing-right-medium:8.5px;--awb-spacing-left-medium:8.5px;--awb-width-small:100%;--awb-order-small:0;--awb-flex-grow-small:0;--awb-flex-shrink-small:0;--awb-spacing-right-small:8.5px;--awb-spacing-left-small:8.5px;\"><div class=\"fusion-column-wrapper fusion-column-has-shadow fusion-flex-justify-content-flex-start fusion-content-layout-column\"><div class=\"fusion-form-field fusion-form-text-field fusion-form-label-above\" style=\"\" data-form-id=\"2407\"><input type=\"text\" autocomplete=\"off\" name=\"name\" id=\"name\" value=\"\"  class=\"fusion-form-input\" placeholder=\"Nume \" data-holds-private-data=\"false\" minlength=\"0\"\/><\/div><div class=\"fusion-form-field fusion-form-email-field fusion-form-label-above\" style=\"\" data-form-id=\"2407\"><input type=\"email\" autocomplete=\"off\"  data-empty-notice=\"Required field\" name=\"email\" id=\"email\" value=\"\"  class=\"fusion-form-input\" required=\"true\" aria-required=\"true\" placeholder=\"Email *\" data-holds-private-data=\"false\"\/><\/div><div class=\"fusion-form-field fusion-form-phone-number-field fusion-form-label-above\" style=\"\" data-form-id=\"2407\"><input type=\"tel\" autocomplete=\"off\" name=\"phone\" id=\"phone\" value=\"\"  class=\"fusion-form-input\" placeholder=\"Telefon \" data-holds-private-data=\"false\"\/><\/div><div class=\"fusion-form-field fusion-form-select-field fusion-form-label-above\" style=\"\" data-form-id=\"2407\"><div class=\"fusion-select-wrapper\"><select autocomplete=\"off\" data-empty-notice=\"Required field\" tabindex=\"\" id=\"amountselect\" name=\"amountselect\" class=\"fusion-form-input\" required=\"true\" aria-required=\"true\" data-holds-private-data=\"false\"><option value=\"\" disabled selected>Please select voucher value<\/option><option value=\"\u20ac25\" >\u20ac25<\/option><option value=\"\u20ac50\" >\u20ac50<\/option><option value=\"\u20ac100\" >\u20ac100<\/option><option value=\"\u20ac200\" >\u20ac200<\/option><option value=\"\u20ac300\" >\u20ac300<\/option><option value=\"Alt\u0103 valoare (te vom contacta pentru a discuta)\" >Alt\u0103 valoare (te vom contacta pentru a discuta)<\/option><\/select><div class=\"select-arrow\"><svg width=\"12\" height=\"8\" viewBox=\"0 0 12 8\" fill=\"none\" xmlns=\"http:\/\/www.w3.org\/2000\/svg\"> <path d=\"M1.5 1.75L6 6.25L10.5 1.75\" stroke=\"#6D6D6D\" stroke-width=\"2\" stroke-linecap=\"round\" stroke-linejoin=\"round\"\/> <\/svg><\/div><\/div><\/div><div class=\"fusion-form-field fusion-form-consent-field fusion-form-label-above\" style=\"\" data-form-id=\"2407\"><div class=\"fusion-form-checkbox option-inline\"><input tabindex=\"\" id=\"consent\" type=\"checkbox\" value=\"1\" name=\"consent\" class=\"fusion-form-input\" required=\"true\" aria-required=\"true\"\/><label for=\"consent\">Prin furnizarea acestor informa\u021bii, Kultours SRL le va putea utiliza \u00een viitor pentru a v\u0103 r\u0103spunde \u0219i a v\u0103 oferi serviciile pe care le merita\u021bi sau pentru a v\u0103 trimite informa\u021biile solicitate.<\/label><\/div><\/div><div class=\"fusion-form-field fusion-form-submit-field fusion-form-label-above\" style=\"\" data-form-id=\"2407\"><div ><button type=\"submit\" class=\"fusion-button button-flat fusion-button-default-size button-custom fusion-button-default button-1 fusion-button-span-yes  button-default form-form-submit\" style=\"--button_bevel_color:var(--awb-custom_color_3);--button_accent_color:var(--awb-color1);--button_accent_hover_color:var(--awb-color1);--button_border_hover_color:var(--awb-color1);--button_gradient_top_color:var(--awb-custom_color_3);--button_gradient_bottom_color:var(--awb-custom_color_3);--button_gradient_top_color_hover:var(--awb-custom_color_4);--button_gradient_bottom_color_hover:var(--awb-custom_color_4);--button_padding-top:14px;--button_padding-bottom:14px;\" data-hover=\"text_slide_up\" data-form-number=\"2407\" tabindex=\"\"><div class=\"awb-button-text-transition  awb-button__hover-content--centered\"><span class=\"fusion-button-text awb-button__text awb-button__text--default\">Trimite cererea<\/span><span class=\"fusion-button-text awb-button__text awb-button__text--default\">Trimite cererea<\/span><\/div><\/button><\/div><\/div><div class=\"form-submission-notices data-notice_1\" id=\"fusion-notices-1\" data-instance=\"1\"><div class=\"fusion-alert alert success alert-success fusion-alert-center fusion-form-response fusion-form-response-success awb-alert-native-link-color alert-dismissable awb-alert-close-boxed\" role=\"alert\"><div class=\"fusion-alert-content-wrapper\"><span class=\"alert-icon\"><i class=\"awb-icon-check-circle\" aria-hidden=\"true\"><\/i><\/span><span class=\"fusion-alert-content\">Thank you for your message. It has been sent.<\/span><\/div><button type=\"button\" class=\"close toggle-alert\" data-dismiss=\"alert\" aria-label=\"Close\">&times;<\/button><\/div><div class=\"fusion-alert alert error alert-danger fusion-alert-center fusion-form-response fusion-form-response-error awb-alert-native-link-color alert-dismissable awb-alert-close-boxed\" role=\"alert\"><div class=\"fusion-alert-content-wrapper\"><span class=\"alert-icon\"><i class=\"awb-icon-exclamation-triangle\" aria-hidden=\"true\"><\/i><\/span><span class=\"fusion-alert-content\">There was an error trying to send your message. Please try again later.<\/span><\/div><button type=\"button\" class=\"close toggle-alert\" data-dismiss=\"alert\" aria-label=\"Close\">&times;<\/button><\/div><\/div><\/div><\/div><\/div><\/div><\/form><\/div><div class=\"fusion-text fusion-text-3 sm-text-align-center fusion-text-no-margin\" style=\"--awb-margin-top:30px;--awb-margin-bottom:10px;\"><p>Ofer\u0103 celor dragi o experien\u021b\u0103 minunat\u0103 pentru doi \u00eentr-o scurt\u0103 excursie la Sibiu cu un voucher de la Republique. Ne face pl\u0103cere s\u0103 realiz\u0103m voucherul \u00een valoarea dorit\u0103, ambalat \u00eentr-un tub atractiv pentru a-l oferi cadou. Sper\u0103m c\u0103 te vei bucura de acest cadou \u0219i a\u0219tept\u0103m cu ner\u0103bdare s\u0103 te primim!<\/p>\n<\/div><\/div><\/div><\/div><\/div>\n","protected":false},"excerpt":{"rendered":"","protected":false},"author":1,"featured_media":0,"parent":0,"menu_order":0,"comment_status":"closed","ping_status":"closed","template":"100-width.php","meta":{"footnotes":""},"class_list":["post-2228","page","type-page","status-publish","hentry"],"yoast_head":"<!-- This site is optimized with the Yoast SEO plugin v27.3 - https:\/\/yoast.com\/product\/yoast-seo-wordpress\/ -->\n<title>Vouchere - Hotel Republique<\/title>\n<meta name=\"description\" content=\"Ofer\u0103 celor dragi o experien\u021b\u0103 minunat\u0103 pentru doi \u00eentr-o scurt\u0103 excursie la Sibiu cu un voucher de la Republique.\" \/>\n<meta name=\"robots\" content=\"index, follow, max-snippet:-1, max-image-preview:large, max-video-preview:-1\" \/>\n<link rel=\"canonical\" href=\"https:\/\/republique.ro\/ro\/vouchere\/\" \/>\n<meta property=\"og:locale\" content=\"ro_RO\" \/>\n<meta property=\"og:type\" content=\"article\" \/>\n<meta property=\"og:title\" content=\"Vouchere - Hotel Republique\" \/>\n<meta property=\"og:description\" content=\"Hotel Republique este situat \u00een centrul ora\u0219ului, \u00een imediata apropiere a zonei istorice, oferind parcare privat\u0103 \u0219i o gr\u0103din\u0103 mare care serve\u0219te drept oaz\u0103 de lini\u0219te \u0219i verdea\u021b\u0103 \u00een inima plin\u0103 de via\u021b\u0103 a ora\u0219ului.\" \/>\n<meta property=\"og:url\" content=\"https:\/\/republique.ro\/ro\/vouchere\/\" \/>\n<meta property=\"og:site_name\" content=\"Hotel Republique\" \/>\n<meta property=\"article:publisher\" content=\"https:\/\/facebook.com\/republiquehotel\/\" \/>\n<meta property=\"article:modified_time\" content=\"2024-10-06T18:53:53+00:00\" \/>\n<meta property=\"og:image\" content=\"https:\/\/republique.ro\/wp-content\/uploads\/2024\/09\/executive-double-room-sibiu-3-1024x683.jpg\" \/>\n<meta name=\"twitter:card\" content=\"summary_large_image\" \/>\n<meta name=\"twitter:title\" content=\"Vouchere - Hotel Republique\" \/>\n<meta name=\"twitter:description\" content=\"Hotel Republique este situat \u00een centrul ora\u0219ului, \u00een imediata apropiere a zonei istorice, oferind parcare privat\u0103 \u0219i o gr\u0103din\u0103 mare care serve\u0219te drept oaz\u0103 de lini\u0219te \u0219i verdea\u021b\u0103 \u00een inima plin\u0103 de via\u021b\u0103 a ora\u0219ului.\" \/>\n<meta name=\"twitter:image\" content=\"https:\/\/republique.ro\/wp-content\/uploads\/2024\/09\/executive-double-room-sibiu-3-1024x683.jpg\" \/>\n<meta name=\"twitter:label1\" content=\"Timp estimat pentru citire\" \/>\n\t<meta name=\"twitter:data1\" content=\"14 minute\" \/>\n<script type=\"application\/ld+json\" class=\"yoast-schema-graph\">{\"@context\":\"https:\\\/\\\/schema.org\",\"@graph\":[{\"@type\":\"WebPage\",\"@id\":\"https:\\\/\\\/republique.ro\\\/ro\\\/vouchere\\\/\",\"url\":\"https:\\\/\\\/republique.ro\\\/ro\\\/vouchere\\\/\",\"name\":\"Vouchere - Hotel Republique\",\"isPartOf\":{\"@id\":\"https:\\\/\\\/republique.ro\\\/ro\\\/#website\"},\"datePublished\":\"2024-08-11T18:58:53+00:00\",\"dateModified\":\"2024-10-06T18:53:53+00:00\",\"description\":\"Ofer\u0103 celor dragi o experien\u021b\u0103 minunat\u0103 pentru doi \u00eentr-o scurt\u0103 excursie la Sibiu cu un voucher de la Republique.\",\"breadcrumb\":{\"@id\":\"https:\\\/\\\/republique.ro\\\/ro\\\/vouchere\\\/#breadcrumb\"},\"inLanguage\":\"ro-RO\",\"potentialAction\":[{\"@type\":\"ReadAction\",\"target\":[\"https:\\\/\\\/republique.ro\\\/ro\\\/vouchere\\\/\"]}]},{\"@type\":\"BreadcrumbList\",\"@id\":\"https:\\\/\\\/republique.ro\\\/ro\\\/vouchere\\\/#breadcrumb\",\"itemListElement\":[{\"@type\":\"ListItem\",\"position\":1,\"name\":\"Prima pagin\u0103\",\"item\":\"https:\\\/\\\/republique.ro\\\/ro\\\/\"},{\"@type\":\"ListItem\",\"position\":2,\"name\":\"Vouchere\"}]},{\"@type\":\"WebSite\",\"@id\":\"https:\\\/\\\/republique.ro\\\/ro\\\/#website\",\"url\":\"https:\\\/\\\/republique.ro\\\/ro\\\/\",\"name\":\"Hotel Republique\",\"description\":\"Accommodation Sibiu\",\"publisher\":{\"@id\":\"https:\\\/\\\/republique.ro\\\/ro\\\/#organization\"},\"potentialAction\":[{\"@type\":\"SearchAction\",\"target\":{\"@type\":\"EntryPoint\",\"urlTemplate\":\"https:\\\/\\\/republique.ro\\\/ro\\\/?s={search_term_string}\"},\"query-input\":{\"@type\":\"PropertyValueSpecification\",\"valueRequired\":true,\"valueName\":\"search_term_string\"}}],\"inLanguage\":\"ro-RO\"},{\"@type\":\"Organization\",\"@id\":\"https:\\\/\\\/republique.ro\\\/ro\\\/#organization\",\"name\":\"Hotel Republique\",\"url\":\"https:\\\/\\\/republique.ro\\\/ro\\\/\",\"logo\":{\"@type\":\"ImageObject\",\"inLanguage\":\"ro-RO\",\"@id\":\"https:\\\/\\\/republique.ro\\\/ro\\\/#\\\/schema\\\/logo\\\/image\\\/\",\"url\":\"https:\\\/\\\/republique.ro\\\/wp-content\\\/uploads\\\/2022\\\/12\\\/logo@2x.png\",\"contentUrl\":\"https:\\\/\\\/republique.ro\\\/wp-content\\\/uploads\\\/2022\\\/12\\\/logo@2x.png\",\"width\":360,\"height\":232,\"caption\":\"Hotel Republique\"},\"image\":{\"@id\":\"https:\\\/\\\/republique.ro\\\/ro\\\/#\\\/schema\\\/logo\\\/image\\\/\"},\"sameAs\":[\"https:\\\/\\\/facebook.com\\\/republiquehotel\\\/\",\"https:\\\/\\\/www.instagram.com\\\/republiquesibiu\"]}]}<\/script>\n<!-- \/ Yoast SEO plugin. -->","yoast_head_json":{"title":"Vouchere - Hotel Republique","description":"Ofer\u0103 celor dragi o experien\u021b\u0103 minunat\u0103 pentru doi \u00eentr-o scurt\u0103 excursie la Sibiu cu un voucher de la Republique.","robots":{"index":"index","follow":"follow","max-snippet":"max-snippet:-1","max-image-preview":"max-image-preview:large","max-video-preview":"max-video-preview:-1"},"canonical":"https:\/\/republique.ro\/ro\/vouchere\/","og_locale":"ro_RO","og_type":"article","og_title":"Vouchere - Hotel Republique","og_description":"Hotel Republique este situat \u00een centrul ora\u0219ului, \u00een imediata apropiere a zonei istorice, oferind parcare privat\u0103 \u0219i o gr\u0103din\u0103 mare care serve\u0219te drept oaz\u0103 de lini\u0219te \u0219i verdea\u021b\u0103 \u00een inima plin\u0103 de via\u021b\u0103 a ora\u0219ului.","og_url":"https:\/\/republique.ro\/ro\/vouchere\/","og_site_name":"Hotel Republique","article_publisher":"https:\/\/facebook.com\/republiquehotel\/","article_modified_time":"2024-10-06T18:53:53+00:00","og_image":[{"url":"https:\/\/republique.ro\/wp-content\/uploads\/2024\/09\/executive-double-room-sibiu-3-1024x683.jpg","type":"","width":"","height":""}],"twitter_card":"summary_large_image","twitter_title":"Vouchere - Hotel Republique","twitter_description":"Hotel Republique este situat \u00een centrul ora\u0219ului, \u00een imediata apropiere a zonei istorice, oferind parcare privat\u0103 \u0219i o gr\u0103din\u0103 mare care serve\u0219te drept oaz\u0103 de lini\u0219te \u0219i verdea\u021b\u0103 \u00een inima plin\u0103 de via\u021b\u0103 a ora\u0219ului.","twitter_image":"https:\/\/republique.ro\/wp-content\/uploads\/2024\/09\/executive-double-room-sibiu-3-1024x683.jpg","twitter_misc":{"Timp estimat pentru citire":"14 minute"},"schema":{"@context":"https:\/\/schema.org","@graph":[{"@type":"WebPage","@id":"https:\/\/republique.ro\/ro\/vouchere\/","url":"https:\/\/republique.ro\/ro\/vouchere\/","name":"Vouchere - Hotel Republique","isPartOf":{"@id":"https:\/\/republique.ro\/ro\/#website"},"datePublished":"2024-08-11T18:58:53+00:00","dateModified":"2024-10-06T18:53:53+00:00","description":"Ofer\u0103 celor dragi o experien\u021b\u0103 minunat\u0103 pentru doi \u00eentr-o scurt\u0103 excursie la Sibiu cu un voucher de la Republique.","breadcrumb":{"@id":"https:\/\/republique.ro\/ro\/vouchere\/#breadcrumb"},"inLanguage":"ro-RO","potentialAction":[{"@type":"ReadAction","target":["https:\/\/republique.ro\/ro\/vouchere\/"]}]},{"@type":"BreadcrumbList","@id":"https:\/\/republique.ro\/ro\/vouchere\/#breadcrumb","itemListElement":[{"@type":"ListItem","position":1,"name":"Prima pagin\u0103","item":"https:\/\/republique.ro\/ro\/"},{"@type":"ListItem","position":2,"name":"Vouchere"}]},{"@type":"WebSite","@id":"https:\/\/republique.ro\/ro\/#website","url":"https:\/\/republique.ro\/ro\/","name":"Hotel Republique","description":"Accommodation Sibiu","publisher":{"@id":"https:\/\/republique.ro\/ro\/#organization"},"potentialAction":[{"@type":"SearchAction","target":{"@type":"EntryPoint","urlTemplate":"https:\/\/republique.ro\/ro\/?s={search_term_string}"},"query-input":{"@type":"PropertyValueSpecification","valueRequired":true,"valueName":"search_term_string"}}],"inLanguage":"ro-RO"},{"@type":"Organization","@id":"https:\/\/republique.ro\/ro\/#organization","name":"Hotel Republique","url":"https:\/\/republique.ro\/ro\/","logo":{"@type":"ImageObject","inLanguage":"ro-RO","@id":"https:\/\/republique.ro\/ro\/#\/schema\/logo\/image\/","url":"https:\/\/republique.ro\/wp-content\/uploads\/2022\/12\/logo@2x.png","contentUrl":"https:\/\/republique.ro\/wp-content\/uploads\/2022\/12\/logo@2x.png","width":360,"height":232,"caption":"Hotel Republique"},"image":{"@id":"https:\/\/republique.ro\/ro\/#\/schema\/logo\/image\/"},"sameAs":["https:\/\/facebook.com\/republiquehotel\/","https:\/\/www.instagram.com\/republiquesibiu"]}]}},"_links":{"self":[{"href":"https:\/\/republique.ro\/ro\/wp-json\/wp\/v2\/pages\/2228","targetHints":{"allow":["GET"]}}],"collection":[{"href":"https:\/\/republique.ro\/ro\/wp-json\/wp\/v2\/pages"}],"about":[{"href":"https:\/\/republique.ro\/ro\/wp-json\/wp\/v2\/types\/page"}],"author":[{"embeddable":true,"href":"https:\/\/republique.ro\/ro\/wp-json\/wp\/v2\/users\/1"}],"replies":[{"embeddable":true,"href":"https:\/\/republique.ro\/ro\/wp-json\/wp\/v2\/comments?post=2228"}],"version-history":[{"count":2,"href":"https:\/\/republique.ro\/ro\/wp-json\/wp\/v2\/pages\/2228\/revisions"}],"predecessor-version":[{"id":2230,"href":"https:\/\/republique.ro\/ro\/wp-json\/wp\/v2\/pages\/2228\/revisions\/2230"}],"wp:attachment":[{"href":"https:\/\/republique.ro\/ro\/wp-json\/wp\/v2\/media?parent=2228"}],"curies":[{"name":"wp","href":"https:\/\/api.w.org\/{rel}","templated":true}]}}