{"id":2268,"date":"2024-08-12T08:38:38","date_gmt":"2024-08-12T05:38:38","guid":{"rendered":"https:\/\/republique.ro\/allgemeine-geschaeftsbedingungen\/"},"modified":"2024-10-08T11:52:53","modified_gmt":"2024-10-08T08:52:53","slug":"allgemeine-geschaeftsbedingungen","status":"publish","type":"page","link":"https:\/\/republique.ro\/de\/allgemeine-geschaeftsbedingungen\/","title":{"rendered":"Allgemeine Gesch\u00e4ftsbedingungen"},"content":{"rendered":"<div class=\"fusion-fullwidth fullwidth-box fusion-builder-row-1 fusion-flex-container nonhundred-percent-fullwidth non-hundred-percent-height-scrolling\" style=\"--awb-border-radius-top-left:0px;--awb-border-radius-top-right:0px;--awb-border-radius-bottom-right:0px;--awb-border-radius-bottom-left:0px;--awb-flex-wrap:wrap;\" ><div class=\"fusion-builder-row fusion-row fusion-flex-align-items-flex-start fusion-flex-content-wrap\" style=\"max-width:1248px;margin-left: calc(-4% \/ 2 );margin-right: calc(-4% \/ 2 );\"><div class=\"fusion-layout-column fusion_builder_column fusion-builder-column-0 fusion_builder_column_1_1 1_1 fusion-flex-column\" style=\"--awb-bg-size:cover;--awb-width-large:100%;--awb-margin-top-large:0px;--awb-spacing-right-large:1.92%;--awb-margin-bottom-large:0px;--awb-spacing-left-large:1.92%;--awb-width-medium:100%;--awb-spacing-right-medium:1.92%;--awb-spacing-left-medium:1.92%;--awb-width-small:100%;--awb-spacing-right-small:1.92%;--awb-spacing-left-small:1.92%;\"><div class=\"fusion-column-wrapper fusion-flex-justify-content-flex-start fusion-content-layout-column\"><div class=\"fusion-text fusion-text-1 sm-text-align-center\"><h3 class=\"wp-block-heading\">Einleitung<\/h3>\n<p>Willkommen im Hotel Republique, betrieben von Kultours SRL. Durch den Zugriff auf unsere Website oder das T\u00e4tigen einer Reservierung stimmen Sie den folgenden allgemeinen Gesch\u00e4ftsbedingungen zu. Bitte lesen Sie diese sorgf\u00e4ltig durch.<\/p>\n<p><strong>Allgemeine Informationen<\/strong><\/p>\n<ul>\n<li><strong>Firmenname:<\/strong> Kultours SRL<\/li>\n<li><strong>Hotelname:<\/strong> Hotel Republique<\/li>\n<li><strong>Standort:<\/strong> Sibiu, Romania<\/li>\n<\/ul>\n<h3 class=\"wp-block-heading\">Buchung Und Reservierungen<\/h3>\n<p><strong>1. Buchungsbest\u00e4tigung:<\/strong> Eine Buchung ist erst dann best\u00e4tigt, wenn eine Best\u00e4tigungsmail von Hotel Republique versendet wurde. Bis dahin gelten alle Anfragen als vorl\u00e4ufig.<\/p>\n<p><strong>2. Zahlung:<\/strong> Wir akzeptieren g\u00e4ngige Kreditkarten, Bank\u00fcberweisungen und Barzahlungen. Eine g\u00fcltige Kreditkarte ist erforderlich, um eine Reservierung zu sichern.<\/p>\n<p><strong>3. Stornierungsbedingungen:<\/strong><\/p>\n<ul>\n<li>Stornierungen, die mehr als 14 Tage vor dem Ankunftsdatum erfolgen, sind kostenfrei.<\/li>\n<li>Stornierungen, die innerhalb von 14 Tagen vor dem Ankunftsdatum erfolgen, werden mit 100 % des Gesamtbuchungsbetrags berechnet.<\/li>\n<li>Nichtanreisen und vorzeitige Abreisen werden mit 100 % des Gesamtbuchungsbetrags berechnet.<\/li>\n<li>Andere Bedingungen k\u00f6nnen je nach Reservierung gelten. Bitte entnehmen Sie die genauen Informationen Ihrer spezifischen Buchungsbest\u00e4tigung.<\/li>\n<\/ul>\n<h3 class=\"wp-block-heading\">Check-In Und Check-Out<\/h3>\n<p><strong>1. Check-in-Zeit:<\/strong> 16:00 Uhr<\/p>\n<p><strong>2. Check-out-Zeit:<\/strong> 11:00 Uhr<\/p>\n<p><strong>3. Sp\u00e4ter Check-out\/Fr\u00fcher Check-in:<\/strong> Je nach Verf\u00fcgbarkeit und m\u00f6glicherweise mit zus\u00e4tzlichen Kosten verbunden.<\/p>\n<h3 class=\"wp-block-heading\">Unterkunft<\/h3>\n<p><strong>1. Zimmerbelegung:<\/strong> Jedes Zimmer kann die maximale Anzahl an G\u00e4sten aufnehmen, wie in den Buchungsdetails angegeben. Zus\u00e4tzliche G\u00e4ste sind nur mit Zustimmung der Hotelleitung erlaubt.<\/p>\n<p><strong>2. Kinder- und Zustellbetten-Richtlinien:<\/strong> Kinder jeden Alters sind im Hotel Republique willkommen. Um genaue Preis- und Kapazit\u00e4tsinformationen zu erhalten, geben Sie bei der Reservierung bitte die Anzahl der Kinder und deren Alter an.<\/p>\n<p><strong>3. Richtlinien f\u00fcr Kinderbetten und Zustellbetten:<\/strong><\/p>\n<ul>\n<li>F\u00fcr Kinder im Alter von 0-2 Jahren wird ein Aufpreis von 60 RON pro Nacht und Kind f\u00fcr ein Kinderbett erhoben, das auf Anfrage erh\u00e4ltlich ist.<\/li>\n<li>F\u00fcr Kinder im Alter von 3-13 Jahren wird ein Aufpreis von 100 RON pro Nacht und Kind f\u00fcr ein Zustellbett erhoben, das auf Anfrage erh\u00e4ltlich ist.<\/li>\n<li>F\u00fcr Kinder ab 14 Jahren wird ein Aufpreis von 150 RON pro Nacht und Person f\u00fcr ein Zustellbett erhoben, das auf Anfrage erh\u00e4ltlich ist.<\/li>\n<li>Die Kosten f\u00fcr Kinderbetten und Zustellbetten sind nicht im Gesamtpreis der Reservierung enthalten und m\u00fcssen w\u00e4hrend Ihres Aufenthalts separat bezahlt werden. Alle Kinderbetten und Zustellbetten unterliegen der Verf\u00fcgbarkeit.<\/li>\n<\/ul>\n<p><strong>4. Haustiere:<\/strong> Haustiere sind auf dem Gel\u00e4nde nicht erlaubt.<\/p>\n<h3 class=\"wp-block-heading\">Pflichten Der G\u00e4ste<\/h3>\n<p><strong>1. Sch\u00e4den:<\/strong> G\u00e4ste sind f\u00fcr Sch\u00e4den an der Unterkunft verantwortlich, die durch sie selbst, ihre Begleiter oder ihre Besucher verursacht werden. Die Kosten f\u00fcr Reparaturen oder Ersatz werden dem Gast in Rechnung gestellt.<\/p>\n<p><strong>2. Verhalten:<\/strong> G\u00e4ste sind verpflichtet, sich respektvoll zu verhalten und andere G\u00e4ste nicht zu st\u00f6ren. Die Hotelleitung beh\u00e4lt sich das Recht vor, den Aufenthalt ohne R\u00fcckerstattung zu beenden, wenn sich G\u00e4ste unangemessen verhalten.<\/p>\n<h3 class=\"wp-block-heading\">Haftung<\/h3>\n<p><strong>1. Pers\u00f6nliche Gegenst\u00e4nde:<\/strong> Hotel Republique \u00fcbernimmt keine Haftung f\u00fcr den Verlust oder die Besch\u00e4digung pers\u00f6nlicher Gegenst\u00e4nde der G\u00e4ste.<\/p>\n<p><strong>2. Sicherheit:<\/strong> G\u00e4sten wird empfohlen, ihre Zimmer abzuschlie\u00dfen und Wertsachen zu sichern. Wir \u00fcbernehmen keine Verantwortung f\u00fcr Verletzungen, Verluste oder Sch\u00e4den, die auf dem Gel\u00e4nde entstehen.<\/p>\n<h3 class=\"wp-block-heading\">Datenschutzrichtlinie<\/h3>\n<p>Wir respektieren die Privatsph\u00e4re unserer G\u00e4ste. Pers\u00f6nliche Informationen, die w\u00e4hrend des Buchungsprozesses gesammelt werden, werden ausschlie\u00dflich zur Verwaltung der Reservierungen und zur Erbringung von Dienstleistungen verwendet. Wir geben pers\u00f6nliche Informationen nicht ohne Zustimmung an Dritte weiter.<\/p>\n<h3 class=\"wp-block-heading\">H\u00f6here Gewalt<\/h3>\n<p>Hotel Republique und Kultours SRL haften nicht f\u00fcr die Nichterf\u00fcllung ihrer Verpflichtungen, wenn diese durch Umst\u00e4nde verursacht werden, die au\u00dferhalb ihrer Kontrolle liegen, einschlie\u00dflich, aber nicht beschr\u00e4nkt auf Naturkatastrophen, Krieg, Streiks oder beh\u00f6rdliche Einschr\u00e4nkungen.<\/p>\n<h3 class=\"wp-block-heading\">\u00c4nderungen Der Allgemeinen Gesch\u00e4ftsbedingungen<\/h3>\n<p>Hotel Republique beh\u00e4lt sich das Recht vor, diese allgemeinen Gesch\u00e4ftsbedingungen jederzeit zu \u00e4ndern. \u00c4nderungen treten sofort nach ihrer Ver\u00f6ffentlichung auf unserer Website in Kraft.<\/p>\n<h3 class=\"wp-block-heading\">Anwendbares Recht<\/h3>\n<p>Diese allgemeinen Gesch\u00e4ftsbedingungen unterliegen dem Recht Rum\u00e4niens. Alle Streitigkeiten, die sich aus oder im Zusammenhang mit diesen Bedingungen ergeben, unterliegen der Zust\u00e4ndigkeit der Gerichte in Sibiu, Rum\u00e4nien.<\/p>\n<h3 class=\"wp-block-heading\">Kontaktinformationen<\/h3>\n<p>Bei Fragen oder Bedenken zu diesen allgemeinen Gesch\u00e4ftsbedingungen kontaktieren Sie uns bitte unter:<\/p>\n<ul>\n<li><strong>E-mail:<\/strong> hotel@republique.ro<\/li>\n<li><strong>Telefon:<\/strong> +40 799 956 677<\/li>\n<\/ul>\n<p>&nbsp;<\/p>\n<\/div><\/div><\/div><\/div><\/div>","protected":false},"excerpt":{"rendered":"","protected":false},"author":1,"featured_media":0,"parent":0,"menu_order":0,"comment_status":"closed","ping_status":"closed","template":"","meta":{"footnotes":""},"class_list":["post-2268","page","type-page","status-publish","hentry"],"yoast_head":"<!-- This site is optimized with the Yoast SEO plugin v27.3 - https:\/\/yoast.com\/product\/yoast-seo-wordpress\/ -->\n<title>Allgemeine Gesch\u00e4ftsbedingungen - Hotel Republique<\/title>\n<meta name=\"description\" content=\"Das Hotel Republique liegt im Stadtzentrum, in unmittelbarer N\u00e4he des historischen Viertels und verf\u00fcgt \u00fcber private Parkpl\u00e4tze und einen gro\u00dfen Garten.\" \/>\n<meta name=\"robots\" content=\"index, follow, max-snippet:-1, max-image-preview:large, max-video-preview:-1\" \/>\n<link rel=\"canonical\" href=\"https:\/\/republique.ro\/de\/allgemeine-geschaeftsbedingungen\/\" \/>\n<meta property=\"og:locale\" content=\"de_DE\" \/>\n<meta property=\"og:type\" content=\"article\" \/>\n<meta property=\"og:title\" content=\"Allgemeine Gesch\u00e4ftsbedingungen - Hotel Republique\" \/>\n<meta property=\"og:description\" content=\"Das Hotel Republique liegt im Stadtzentrum, in unmittelbarer N\u00e4he des historischen Viertels und verf\u00fcgt \u00fcber private Parkpl\u00e4tze und einen gro\u00dfen Garten, der als Oase der Ruhe und des Gr\u00fcns im gesch\u00e4ftigen Herzen der Stadt dient.\" \/>\n<meta property=\"og:url\" content=\"https:\/\/republique.ro\/de\/allgemeine-geschaeftsbedingungen\/\" \/>\n<meta property=\"og:site_name\" content=\"Hotel Republique\" \/>\n<meta property=\"article:publisher\" content=\"https:\/\/facebook.com\/republiquehotel\/\" \/>\n<meta property=\"article:modified_time\" content=\"2024-10-08T08:52:53+00:00\" \/>\n<meta property=\"og:image\" content=\"https:\/\/republique.ro\/wp-content\/uploads\/2024\/09\/executive-double-room-sibiu-3-1024x683.jpg\" \/>\n<meta name=\"twitter:card\" content=\"summary_large_image\" \/>\n<meta name=\"twitter:title\" content=\"Allgemeine Gesch\u00e4ftsbedingungen - Hotel Republique\" \/>\n<meta name=\"twitter:description\" content=\"Das Hotel Republique liegt im Stadtzentrum, in unmittelbarer N\u00e4he des historischen Viertels und verf\u00fcgt \u00fcber private Parkpl\u00e4tze und einen gro\u00dfen Garten, der als Oase der Ruhe und des Gr\u00fcns im gesch\u00e4ftigen Herzen der Stadt dient.\" \/>\n<meta name=\"twitter:image\" content=\"https:\/\/republique.ro\/wp-content\/uploads\/2024\/09\/executive-double-room-sibiu-3-1024x683.jpg\" \/>\n<meta name=\"twitter:label1\" content=\"Gesch\u00e4tzte Lesezeit\" \/>\n\t<meta name=\"twitter:data1\" content=\"3\u00a0Minuten\" \/>\n<script type=\"application\/ld+json\" class=\"yoast-schema-graph\">{\"@context\":\"https:\\\/\\\/schema.org\",\"@graph\":[{\"@type\":\"WebPage\",\"@id\":\"https:\\\/\\\/republique.ro\\\/de\\\/allgemeine-geschaeftsbedingungen\\\/\",\"url\":\"https:\\\/\\\/republique.ro\\\/de\\\/allgemeine-geschaeftsbedingungen\\\/\",\"name\":\"Allgemeine Gesch\u00e4ftsbedingungen - Hotel Republique\",\"isPartOf\":{\"@id\":\"https:\\\/\\\/republique.ro\\\/de\\\/#website\"},\"datePublished\":\"2024-08-12T05:38:38+00:00\",\"dateModified\":\"2024-10-08T08:52:53+00:00\",\"description\":\"Das Hotel Republique liegt im Stadtzentrum, in unmittelbarer N\u00e4he des historischen Viertels und verf\u00fcgt \u00fcber private Parkpl\u00e4tze und einen gro\u00dfen Garten.\",\"breadcrumb\":{\"@id\":\"https:\\\/\\\/republique.ro\\\/de\\\/allgemeine-geschaeftsbedingungen\\\/#breadcrumb\"},\"inLanguage\":\"de\",\"potentialAction\":[{\"@type\":\"ReadAction\",\"target\":[\"https:\\\/\\\/republique.ro\\\/de\\\/allgemeine-geschaeftsbedingungen\\\/\"]}]},{\"@type\":\"BreadcrumbList\",\"@id\":\"https:\\\/\\\/republique.ro\\\/de\\\/allgemeine-geschaeftsbedingungen\\\/#breadcrumb\",\"itemListElement\":[{\"@type\":\"ListItem\",\"position\":1,\"name\":\"Prima pagin\u0103\",\"item\":\"https:\\\/\\\/republique.ro\\\/de\\\/\"},{\"@type\":\"ListItem\",\"position\":2,\"name\":\"Allgemeine Gesch\u00e4ftsbedingungen\"}]},{\"@type\":\"WebSite\",\"@id\":\"https:\\\/\\\/republique.ro\\\/de\\\/#website\",\"url\":\"https:\\\/\\\/republique.ro\\\/de\\\/\",\"name\":\"Hotel Republique\",\"description\":\"Accommodation Sibiu\",\"publisher\":{\"@id\":\"https:\\\/\\\/republique.ro\\\/de\\\/#organization\"},\"potentialAction\":[{\"@type\":\"SearchAction\",\"target\":{\"@type\":\"EntryPoint\",\"urlTemplate\":\"https:\\\/\\\/republique.ro\\\/de\\\/?s={search_term_string}\"},\"query-input\":{\"@type\":\"PropertyValueSpecification\",\"valueRequired\":true,\"valueName\":\"search_term_string\"}}],\"inLanguage\":\"de\"},{\"@type\":\"Organization\",\"@id\":\"https:\\\/\\\/republique.ro\\\/de\\\/#organization\",\"name\":\"Hotel Republique\",\"url\":\"https:\\\/\\\/republique.ro\\\/de\\\/\",\"logo\":{\"@type\":\"ImageObject\",\"inLanguage\":\"de\",\"@id\":\"https:\\\/\\\/republique.ro\\\/de\\\/#\\\/schema\\\/logo\\\/image\\\/\",\"url\":\"https:\\\/\\\/republique.ro\\\/wp-content\\\/uploads\\\/2022\\\/12\\\/logo@2x.png\",\"contentUrl\":\"https:\\\/\\\/republique.ro\\\/wp-content\\\/uploads\\\/2022\\\/12\\\/logo@2x.png\",\"width\":360,\"height\":232,\"caption\":\"Hotel Republique\"},\"image\":{\"@id\":\"https:\\\/\\\/republique.ro\\\/de\\\/#\\\/schema\\\/logo\\\/image\\\/\"},\"sameAs\":[\"https:\\\/\\\/facebook.com\\\/republiquehotel\\\/\",\"https:\\\/\\\/www.instagram.com\\\/republiquesibiu\"]}]}<\/script>\n<!-- \/ Yoast SEO plugin. -->","yoast_head_json":{"title":"Allgemeine Gesch\u00e4ftsbedingungen - Hotel Republique","description":"Das Hotel Republique liegt im Stadtzentrum, in unmittelbarer N\u00e4he des historischen Viertels und verf\u00fcgt \u00fcber private Parkpl\u00e4tze und einen gro\u00dfen Garten.","robots":{"index":"index","follow":"follow","max-snippet":"max-snippet:-1","max-image-preview":"max-image-preview:large","max-video-preview":"max-video-preview:-1"},"canonical":"https:\/\/republique.ro\/de\/allgemeine-geschaeftsbedingungen\/","og_locale":"de_DE","og_type":"article","og_title":"Allgemeine Gesch\u00e4ftsbedingungen - Hotel Republique","og_description":"Das Hotel Republique liegt im Stadtzentrum, in unmittelbarer N\u00e4he des historischen Viertels und verf\u00fcgt \u00fcber private Parkpl\u00e4tze und einen gro\u00dfen Garten, der als Oase der Ruhe und des Gr\u00fcns im gesch\u00e4ftigen Herzen der Stadt dient.","og_url":"https:\/\/republique.ro\/de\/allgemeine-geschaeftsbedingungen\/","og_site_name":"Hotel Republique","article_publisher":"https:\/\/facebook.com\/republiquehotel\/","article_modified_time":"2024-10-08T08:52:53+00:00","og_image":[{"url":"https:\/\/republique.ro\/wp-content\/uploads\/2024\/09\/executive-double-room-sibiu-3-1024x683.jpg","type":"","width":"","height":""}],"twitter_card":"summary_large_image","twitter_title":"Allgemeine Gesch\u00e4ftsbedingungen - Hotel Republique","twitter_description":"Das Hotel Republique liegt im Stadtzentrum, in unmittelbarer N\u00e4he des historischen Viertels und verf\u00fcgt \u00fcber private Parkpl\u00e4tze und einen gro\u00dfen Garten, der als Oase der Ruhe und des Gr\u00fcns im gesch\u00e4ftigen Herzen der Stadt dient.","twitter_image":"https:\/\/republique.ro\/wp-content\/uploads\/2024\/09\/executive-double-room-sibiu-3-1024x683.jpg","twitter_misc":{"Gesch\u00e4tzte Lesezeit":"3\u00a0Minuten"},"schema":{"@context":"https:\/\/schema.org","@graph":[{"@type":"WebPage","@id":"https:\/\/republique.ro\/de\/allgemeine-geschaeftsbedingungen\/","url":"https:\/\/republique.ro\/de\/allgemeine-geschaeftsbedingungen\/","name":"Allgemeine Gesch\u00e4ftsbedingungen - Hotel Republique","isPartOf":{"@id":"https:\/\/republique.ro\/de\/#website"},"datePublished":"2024-08-12T05:38:38+00:00","dateModified":"2024-10-08T08:52:53+00:00","description":"Das Hotel Republique liegt im Stadtzentrum, in unmittelbarer N\u00e4he des historischen Viertels und verf\u00fcgt \u00fcber private Parkpl\u00e4tze und einen gro\u00dfen Garten.","breadcrumb":{"@id":"https:\/\/republique.ro\/de\/allgemeine-geschaeftsbedingungen\/#breadcrumb"},"inLanguage":"de","potentialAction":[{"@type":"ReadAction","target":["https:\/\/republique.ro\/de\/allgemeine-geschaeftsbedingungen\/"]}]},{"@type":"BreadcrumbList","@id":"https:\/\/republique.ro\/de\/allgemeine-geschaeftsbedingungen\/#breadcrumb","itemListElement":[{"@type":"ListItem","position":1,"name":"Prima pagin\u0103","item":"https:\/\/republique.ro\/de\/"},{"@type":"ListItem","position":2,"name":"Allgemeine Gesch\u00e4ftsbedingungen"}]},{"@type":"WebSite","@id":"https:\/\/republique.ro\/de\/#website","url":"https:\/\/republique.ro\/de\/","name":"Hotel Republique","description":"Accommodation Sibiu","publisher":{"@id":"https:\/\/republique.ro\/de\/#organization"},"potentialAction":[{"@type":"SearchAction","target":{"@type":"EntryPoint","urlTemplate":"https:\/\/republique.ro\/de\/?s={search_term_string}"},"query-input":{"@type":"PropertyValueSpecification","valueRequired":true,"valueName":"search_term_string"}}],"inLanguage":"de"},{"@type":"Organization","@id":"https:\/\/republique.ro\/de\/#organization","name":"Hotel Republique","url":"https:\/\/republique.ro\/de\/","logo":{"@type":"ImageObject","inLanguage":"de","@id":"https:\/\/republique.ro\/de\/#\/schema\/logo\/image\/","url":"https:\/\/republique.ro\/wp-content\/uploads\/2022\/12\/logo@2x.png","contentUrl":"https:\/\/republique.ro\/wp-content\/uploads\/2022\/12\/logo@2x.png","width":360,"height":232,"caption":"Hotel Republique"},"image":{"@id":"https:\/\/republique.ro\/de\/#\/schema\/logo\/image\/"},"sameAs":["https:\/\/facebook.com\/republiquehotel\/","https:\/\/www.instagram.com\/republiquesibiu"]}]}},"_links":{"self":[{"href":"https:\/\/republique.ro\/de\/wp-json\/wp\/v2\/pages\/2268","targetHints":{"allow":["GET"]}}],"collection":[{"href":"https:\/\/republique.ro\/de\/wp-json\/wp\/v2\/pages"}],"about":[{"href":"https:\/\/republique.ro\/de\/wp-json\/wp\/v2\/types\/page"}],"author":[{"embeddable":true,"href":"https:\/\/republique.ro\/de\/wp-json\/wp\/v2\/users\/1"}],"replies":[{"embeddable":true,"href":"https:\/\/republique.ro\/de\/wp-json\/wp\/v2\/comments?post=2268"}],"version-history":[{"count":4,"href":"https:\/\/republique.ro\/de\/wp-json\/wp\/v2\/pages\/2268\/revisions"}],"predecessor-version":[{"id":2281,"href":"https:\/\/republique.ro\/de\/wp-json\/wp\/v2\/pages\/2268\/revisions\/2281"}],"wp:attachment":[{"href":"https:\/\/republique.ro\/de\/wp-json\/wp\/v2\/media?parent=2268"}],"curies":[{"name":"wp","href":"https:\/\/api.w.org\/{rel}","templated":true}]}}